{"id":10435,"date":"2022-09-15T14:05:05","date_gmt":"2022-09-15T14:05:05","guid":{"rendered":"https:\/\/opemsistemi.it\/privacy-policy\/"},"modified":"2023-09-19T09:37:46","modified_gmt":"2023-09-19T09:37:46","slug":"privacy-policy","status":"publish","type":"page","link":"https:\/\/opemsistemi.it\/en\/privacy-policy\/","title":{"rendered":"Privacy Policy"},"content":{"rendered":"<div class=\"wpb-content-wrapper\"><p>[vc_row kd_background_image_position=&#8221;vc_row-bg-position-top&#8221;][vc_column][vc_empty_space height=&#8221;80px&#8221;][\/vc_column][\/vc_row][vc_row kd_background_image_position=&#8221;vc_row-bg-position-top&#8221;][vc_column][vc_column_text]Informativa in materia di privacy ai sensi del Decreto Legislativo n. 196\/2003 (\u201cCodice Privacy\u201d) articoli 13, 23 e 26 e del Regolamento (UE) 2016\/679 (\u201cGDPR\u201d) articoli 13 e 14. Gentile Cliente, la corretta gestione e protezione dei Suoi dati rappresenta la nostra priorit\u00e0. Nel perseguimento di tale obiettivo raccoglieremo, utilizzeremo, trasferiremo e conserveremo i tuoi dati.<br \/>\nHa il diritto di essere informato in modo trasparente e puntuale sulle modalit\u00e0 con le quali trattiamo e proteggiamo questi dati; La invitiamo quindi a leggere attentamente l\u2019informativa che segue. Il presente documento (\u201cInformativa\u201d) intende fornire indicazioni in merito al trattamento di informazioni \u2013 relative agli utenti che usufruiscono dei servizi accessibili a partire dall\u2019indirizzo web <strong>opemsistemi.it<\/strong> (\u201cSito\u201d) \u2013 da parte di <strong>Opem Sistemi S.r.l.<\/strong> (\u201cnome societ\u00e0\u201d) e\/o da altri soggetti individuati per le finalit\u00e0 di seguito indicate.<br \/>\nL\u2019Informativa, in particolare, \u00e8 resa ai sensi del D.Lgs. 30 giugno 2003 n. 196 e del Regolamento UE n. 679\/2016 (rispettivamente \u201cCodice privacy\u201d, \u201cGDPR\u201d e congiuntamente \u201cNormativa Applicabile\u201d) e riguarda esclusivamente il predetto Sito: pertanto non riguarda eventuali altri siti raggiungibili dall\u2019utente tramite i link presenti sullo stesso.[\/vc_column_text][vc_column_text]<\/p>\n<h3>1. IDENTIT\u00c0 E DATI DI CONTATTO DEL TITOLARE DEL TRATTAMENTO<\/h3>\n<p>Il Titolare del trattamento \u2013 ovvero la persona giuridica che determina le finalit\u00e0 e i mezzi di trattamento dei dati personali \u2013 \u00e8 Opem Sistemi S.r.l., con sede legale in Via Sardorella 101, Genova, 16162. P.IVA IT01232990992<\/p>\n<h3>2. DATI DI CONTATTO DEL RESPONSABILE DELLA PROTEZIONE DEI DATI (C.D. \u201cRPD-DPO\u201d)<\/h3>\n<p>Con riferimento alle questioni riguardanti il trattamento di dati personali, Opem Sistemi S.r.l. ha nominato un Responsabile della Protezione dei Dati, reperibile al seguente indirizzo e-mail: info@opemsistemi.it<\/p>\n<h3>3. CATEGORIE DI DATI PERSONALI TRATTATI<\/h3>\n<p>Di seguito le informazioni che potr\u00e0 trattare tramite il Sito, nei limiti delle finalit\u00e0 e delle modalit\u00e0 descritte nella presente Informativa, e che possono essere considerate come dati personali (\u201cDati Personali\u201d) ai sensi della Normativa Applicabile. In particolare:<br \/>\n(i) Dati di navigazione<br \/>\nI sistemi informatici e le procedure software preposte al funzionamento di questo Sito acquisiscono, nel corso del loro normale esercizio, alcuni Dati Personali la cui trasmissione \u00e8 implicita nell\u2019uso dei protocolli di comunicazione di Internet. Si tratta di informazioni che non sono raccolte per essere associate a soggetti identificati, ma che per loro stessa natura potrebbero, attraverso elaborazioni ed associazioni con dati detenuti da terzi, permettere di identificare gli utenti. In questa categoria di dati rientrano gli indirizzi IP o i nomi a dominio dei computer utilizzati dagli utenti che si connettono al Sito, gli indirizzi in notazione URI (Uniform Resource Identifier) delle risorse richieste, l\u2019orario della richiesta, il metodo utilizzato nel sottoporre la richiesta al server, la dimensione del file ottenuto in risposta, il codice numerico indicante lo stato della risposta data dal server (buon fine, errore, ecc.) ed altri parametri relativi al sistema operativo e all\u2019ambiente informatico dell\u2019utente. Questi dati vengono utilizzati al solo fine di controllare il corretto funzionamento del Sito.<br \/>\n(ii) Dati forniti volontariamente dall\u2019utente<br \/>\nL\u2019invio facoltativo, esplicito e volontario di posta elettronica agli indirizzi indicati su questo Sito comportano la successiva acquisizione dell\u2019indirizzo e-mail e degli eventuali altri Dati Personali inseriti nella comunicazione elettronica, nonch\u00e9 dei dati del mittente\/utente, necessari per rispondere alle richieste o per erogare il servizio. Specifiche informative anche sintetiche potranno essere rese per particolari servizi.<\/p>\n<h3>4. FINALIT\u00c0 E BASE GIURIDICA DEL TRATTAMENTO<\/h3>\n<p>I Dati Personali forniti dagli utenti che inoltrano richieste di invio di materiale informativo sono utilizzati al solo fine di fornire il servizio o la prestazione richiesta, e potranno essere conosciuti da dipendenti e collaboratori di Opem Sistemi S.r.l., debitamente istruiti circa le cautele e garanzie da adottare nel trattamento delle informazioni in questione, nonch\u00e9 da soggetti terzi che prestano servizi accessori o strumentali all\u2019attivit\u00e0 di Opem Sistemi S.r.l. con i quali sono stati sottoscritti accordi specifici in adempimento di quanto prescritto dalla Normativa Applicabile. Ulteriori finalit\u00e0 saranno indicate agli utenti in ragione dei servizi specifici che utilizzeranno a partire dalle pagine dedicate e disponibili sul presente Sito.<\/p>\n<h3>5. MODALIT\u00c0 DI TRATTAMENTO<\/h3>\n<p>Il trattamento dei Dati Personali avverr\u00e0 mediante strumenti manuali, informatici o telematici, idonei a garantirne la sicurezza e la riservatezza e verr\u00e0 eseguito da personale debitamente istruito al rispetto della Normativa Applicabile.<br \/>\nIn ragione poi del consenso eventualmente espresso dall\u2019utente, \u00e8 possibile che lo stesso sia contattato via e-mail, sms, o attraverso ogni strumento elettronico equivalente oppure a mezzo posta cartacea o chiamata tramite operatore a tutti i recapiti forniti.<\/p>\n<h3>5.1 L\u2019UTILIZZO DEI COOKIE<\/h3>\n<p>La Societ\u00e0 utilizza tecniche informatiche per l\u2019acquisizione diretta di dati personali identificativi dell\u2019utente. Per le tipologie di cookie utilizzate, si prega di prendere visione della c.d. \u201cCookies policy\u201d, disponibile sul sito.<\/p>\n<h3>6. AMBITO DI COMUNICAZIONE DEI DATI PERSONALI<\/h3>\n<p>In ragione dei trattamenti che l\u2019utente potr\u00e0 autorizzare i Dati Personali potranno essere comunicati ai soggetti che erogano specifici servizi indicati nelle specifiche informative. Le informazioni potranno, inoltre, essere comunicate ogni qualvolta la comunicazione possa essere necessaria per adempiere a richieste dell\u2019Autorit\u00e0 Giudiziaria o di Pubblica Sicurezza. I Dati Personali raccolti non verranno in nessun caso diffusi.<\/p>\n<h3>7. PERIODO DI CONSERVAZIONE DEI DATI (CRITERI DI DETERMINAZIONE)<\/h3>\n<p>Salvo che per i Dati Personali forniti volontariamente dall\u2019utente e per i quali saranno rese specifiche Informative, le informazioni relative alla navigazione verranno conservate per ventisei mesi successivi alla raccolta; salvo il caso in cui debbano essere utilizzate per l\u2019accertamento di responsabilit\u00e0 in caso di reati informatici ai danni del Sito: in questo caso, le informazioni verranno tenute a disposizione dell\u2019Autorit\u00e0 per il tempo necessario a garantire l\u2019esercizio dei propri diritti di difesa.<\/p>\n<h3>8. DIRITTI CHE LE SONO RICONOSCIUTI<\/h3>\n<p>La Normativa Applicabile riconosce agli utenti una serie di diritti tra cui, a mero titolo esemplificativo, il diritto:<br \/>\n\u2013 di accedere ai propri Dati Personali<br \/>\n\u2013 di chiederne la rettifica<br \/>\n\u2013 l\u2019aggiornamento e la cancellazione, se incompleti, erronei o raccolti in violazione della legge<br \/>\n\u2013 di chiedere che il trattamento sia limitato ad una parte delle informazioni che li riguardano<br \/>\n\u2013 di trasmettere agli stessi o a terzi da questi indicati le informazioni che la riguardano (c.d. \u201cportabilit\u00e0 dei dati\u201d)<br \/>\n\u2013 di opporsi al loro trattamento per motivi legittimi<br \/>\n\u2013 di revocare il proprio consenso in qualsiasi momento mediante richiesta scritta rivolta senza formalit\u00e0 a Opem Sistemi S.r.l. ovvero al DPO ai contatti indicati ai punti 1 e 2.<br \/>\nLaddove il riscontro alle richieste non possa essere stato considerato soddisfacente, l\u2019utente potr\u00e0 rivolgersi e proporre reclamo all\u2019Autorit\u00e0 Garante per la Protezione dei Dati Personali (www.garanteprivacy.it) nei modi previsti dalla Normativa Applicabile.[\/vc_column_text][\/vc_column][\/vc_row]<\/p>\n<\/div>","protected":false},"excerpt":{"rendered":"<p>[vc_row kd_background_image_position=&#8221;vc_row-bg-position-top&#8221;][vc_column][vc_empty_space height=&#8221;80px&#8221;][\/vc_column][\/vc_row][vc_row kd_background_image_position=&#8221;vc_row-bg-position-top&#8221;][vc_column][vc_column_text]Informativa in materia di privacy ai sensi del Decreto Legislativo n. 196\/2003 (\u201cCodice Privacy\u201d) articoli 13, 23 [&hellip;]<\/p>\n","protected":false},"author":1,"featured_media":0,"parent":0,"menu_order":0,"comment_status":"closed","ping_status":"closed","template":"","meta":{"footnotes":""},"class_list":["post-10435","page","type-page","status-publish","hentry"],"_links":{"self":[{"href":"https:\/\/opemsistemi.it\/en\/wp-json\/wp\/v2\/pages\/10435","targetHints":{"allow":["GET"]}}],"collection":[{"href":"https:\/\/opemsistemi.it\/en\/wp-json\/wp\/v2\/pages"}],"about":[{"href":"https:\/\/opemsistemi.it\/en\/wp-json\/wp\/v2\/types\/page"}],"author":[{"embeddable":true,"href":"https:\/\/opemsistemi.it\/en\/wp-json\/wp\/v2\/users\/1"}],"replies":[{"embeddable":true,"href":"https:\/\/opemsistemi.it\/en\/wp-json\/wp\/v2\/comments?post=10435"}],"version-history":[{"count":5,"href":"https:\/\/opemsistemi.it\/en\/wp-json\/wp\/v2\/pages\/10435\/revisions"}],"predecessor-version":[{"id":10440,"href":"https:\/\/opemsistemi.it\/en\/wp-json\/wp\/v2\/pages\/10435\/revisions\/10440"}],"wp:attachment":[{"href":"https:\/\/opemsistemi.it\/en\/wp-json\/wp\/v2\/media?parent=10435"}],"curies":[{"name":"wp","href":"https:\/\/api.w.org\/{rel}","templated":true}]}}